{"id":1467,"date":"2022-01-04T19:50:35","date_gmt":"2022-01-04T19:50:35","guid":{"rendered":"https:\/\/www.casalaroza.com\/normas-de-la-casa\/"},"modified":"2022-01-21T12:22:53","modified_gmt":"2022-01-21T12:22:53","slug":"normas-de-la-casa","status":"publish","type":"page","link":"https:\/\/www.casalaroza.com\/es\/normas-de-la-casa\/","title":{"rendered":"Normas de la Casa"},"content":{"rendered":"\t\t<div data-elementor-type=\"wp-page\" data-elementor-id=\"1467\" class=\"elementor elementor-1467 elementor-409\" data-elementor-post-type=\"page\">\n\t\t\t\t\t\t<section class=\"elementor-section elementor-top-section elementor-element elementor-element-71f126cc elementor-section-stretched elementor-section-boxed elementor-section-height-default elementor-section-height-default\" data-id=\"71f126cc\" data-element_type=\"section\" data-e-type=\"section\" data-settings=\"{&quot;stretch_section&quot;:&quot;section-stretched&quot;,&quot;background_background&quot;:&quot;classic&quot;}\">\n\t\t\t\t\t\t<div class=\"elementor-container elementor-column-gap-default\">\n\t\t\t\t\t<div class=\"elementor-column elementor-col-100 elementor-top-column elementor-element elementor-element-5af61d31\" data-id=\"5af61d31\" data-element_type=\"column\" data-e-type=\"column\" data-settings=\"{&quot;background_background&quot;:&quot;classic&quot;}\">\n\t\t\t<div class=\"elementor-widget-wrap elementor-element-populated\">\n\t\t\t\t\t\t<section class=\"elementor-section elementor-inner-section elementor-element elementor-element-16bb21d6 elementor-section-boxed elementor-section-height-default elementor-section-height-default\" data-id=\"16bb21d6\" data-element_type=\"section\" data-e-type=\"section\">\n\t\t\t\t\t\t<div class=\"elementor-container elementor-column-gap-default\">\n\t\t\t\t\t<div class=\"elementor-column elementor-col-100 elementor-inner-column elementor-element elementor-element-434c3c72 elementor-invisible\" data-id=\"434c3c72\" data-element_type=\"column\" data-e-type=\"column\" data-settings=\"{&quot;background_background&quot;:&quot;classic&quot;,&quot;animation&quot;:&quot;fadeIn&quot;,&quot;animation_delay&quot;:200}\">\n\t\t\t<div class=\"elementor-widget-wrap elementor-element-populated\">\n\t\t\t\t\t\t<div class=\"elementor-element elementor-element-6226bf4 elementor-widget elementor-widget-heading\" data-id=\"6226bf4\" data-element_type=\"widget\" data-e-type=\"widget\" data-widget_type=\"heading.default\">\n\t\t\t\t<div class=\"elementor-widget-container\">\n\t\t\t\t\t<h2 class=\"elementor-heading-title elementor-size-default\">Normas de la Casa<\/h2>\t\t\t\t<\/div>\n\t\t\t\t<\/div>\n\t\t\t\t<div class=\"elementor-element elementor-element-6b0bb95a elementor-widget-divider--view-line elementor-widget elementor-widget-divider\" data-id=\"6b0bb95a\" data-element_type=\"widget\" data-e-type=\"widget\" data-widget_type=\"divider.default\">\n\t\t\t\t<div class=\"elementor-widget-container\">\n\t\t\t\t\t\t\t<div class=\"elementor-divider\">\n\t\t\t<span class=\"elementor-divider-separator\">\n\t\t\t\t\t\t<\/span>\n\t\t<\/div>\n\t\t\t\t\t\t<\/div>\n\t\t\t\t<\/div>\n\t\t\t\t<div class=\"elementor-element elementor-element-2df93867 elementor-widget elementor-widget-text-editor\" data-id=\"2df93867\" data-element_type=\"widget\" data-e-type=\"widget\" data-widget_type=\"text-editor.default\">\n\t\t\t\t<div class=\"elementor-widget-container\">\n\t\t\t\t\t\t\t\t\t<ul>\n<li>Check in despu\u00e9s de las 16:00 \/ Check out antes de las 11:00.<\/li>\n<li>Se facilita un c\u00f3digo para el candado de la puerta exterior. La puerta principal est\u00e1 equipada con un teclado electr\u00f3nico y un c\u00f3digo \u00fanico para cada hu\u00e9sped.<\/li>\n<li>No est\u00e1 permitido fumar en el interior de la casa.<\/li>\n<li>Se permite fumar en el balc\u00f3n y en el jard\u00edn o terraza. Por favor, tira las colillas en los ceniceros y no en la zona del jard\u00edn.<\/li>\n<li>Se admiten perros, previa solicitud y aportando informaci\u00f3n sobre el n\u00famero de animales, as\u00ed como su tama\u00f1o. Los perros solo se permitir\u00e1n en la cocina. No se permiten mascotas en la casa principal ni en las habitaciones.<\/li>\n<li>Se proporciona vajilla y cristaler\u00eda para un m\u00e1ximo de 10 hu\u00e9spedes.<\/li>\n<li>No se permite comer ni beber en las habitaciones.<\/li>\n<li>Los eventos est\u00e1n permitidos bajo petici\u00f3n y aportando todos los detalles por adelantado.<\/li>\n<li>Las fiestas y los invitados no registrados NO est\u00e1n permitidos.<\/li>\n<li>Los ni\u00f1os peque\u00f1os deben estar supervisados en todo momento.<\/li>\n<li>La p\u00e9rdida durante la estancia de la llave de la puerta trasera de la casa conlleva un cargo de 50 \u20ac.<\/li>\n<li>Deber\u00e1 informarse inmediatamente de cualquier da\u00f1o. Cualquier da\u00f1o que exceda el dep\u00f3sito debe ser pagado por los hu\u00e9spedes.<\/li>\n<li>El jardinero viene dos veces por semana para hacerse cargo del jard\u00edn.<\/li>\n<li>Nuestro vecino tiene permiso para entrar por el aparcamiento inferior para acceder a sus terrenos situados m\u00e1s all\u00e1 de la casa, por lo que en ocasiones podr\u00e1 verlos a \u00e9l y a su mujer atravesando la zona.<\/li>\n<li>El precio del alquiler incluye la limpieza general de la casa.<\/li>\n<li>Pedimos a nuestros hu\u00e9spedes que se aseguren de dejar la vajilla y los utensilios de cocina lavados y recogidos, la zona de la barbacoa en su estado original, la nevera vac\u00eda, los muebles de jard\u00edn devueltos a su sitio, as\u00ed como de retirar toda la basura tanto de la casa como del jard\u00edn.<\/li>\n<li>Si fuera necesario emplear horas adicionales para la limpieza de la casa, cobraremos un suplemento de 50 \u20ac\/hora que se deducir\u00e1 de la fianza depositada.<\/li>\n<li>Cualquier objeto o propiedad de valor que se deje o se utilice en el inmueble es por cuenta y riesgo del hu\u00e9sped. El hu\u00e9sped es responsable de la propiedad durante el per\u00edodo de alquiler, y debe asegurarse de que todas las ventanas y puertas est\u00e1n cerradas de forma segura al abandonar la propiedad. Cualquier acto u omisi\u00f3n por parte del hu\u00e9sped, sus acompa\u00f1antes o visitantes que pueda anular o afectar la p\u00f3liza de seguro de la propiedad o que resulte en p\u00e9rdidas o da\u00f1os es responsabilidad del hu\u00e9sped.<\/li>\n<\/ul>\n\t\t\t\t\t\t\t\t<\/div>\n\t\t\t\t<\/div>\n\t\t\t\t\t<\/div>\n\t\t<\/div>\n\t\t\t\t\t<\/div>\n\t\t<\/section>\n\t\t\t\t\t<\/div>\n\t\t<\/div>\n\t\t\t\t\t<\/div>\n\t\t<\/section>\n\t\t\t\t<\/div>\n\t\t","protected":false},"excerpt":{"rendered":"<p>Normas de la Casa Check in despu\u00e9s de las 16:00 \/ Check out antes de las 11:00. Se facilita un c\u00f3digo para el candado de la puerta exterior. La puerta principal est\u00e1 equipada con un teclado electr\u00f3nico y un c\u00f3digo \u00fanico para cada hu\u00e9sped. No est\u00e1 permitido fumar en el interior de la casa. Se [&hellip;]<\/p>\n","protected":false},"author":1,"featured_media":0,"parent":0,"menu_order":0,"comment_status":"closed","ping_status":"closed","template":"elementor_header_footer","meta":{"footnotes":""},"class_list":["post-1467","page","type-page","status-publish","hentry"],"yoast_head":"<!-- This site is optimized with the Yoast SEO plugin v26.9 - https:\/\/yoast.com\/product\/yoast-seo-wordpress\/ -->\n<title>Normas de la Casa - Casa La Roza<\/title>\n<meta name=\"robots\" content=\"index, follow, max-snippet:-1, max-image-preview:large, max-video-preview:-1\" \/>\n<link rel=\"canonical\" href=\"https:\/\/www.casalaroza.com\/es\/normas-de-la-casa\/\" \/>\n<meta property=\"og:locale\" content=\"es_ES\" \/>\n<meta property=\"og:type\" content=\"article\" \/>\n<meta property=\"og:title\" content=\"Normas de la Casa - Casa La Roza\" \/>\n<meta property=\"og:description\" content=\"Normas de la Casa Check in despu\u00e9s de las 16:00 \/ Check out antes de las 11:00. Se facilita un c\u00f3digo para el candado de la puerta exterior. La puerta principal est\u00e1 equipada con un teclado electr\u00f3nico y un c\u00f3digo \u00fanico para cada hu\u00e9sped. No est\u00e1 permitido fumar en el interior de la casa. Se [&hellip;]\" \/>\n<meta property=\"og:url\" content=\"https:\/\/www.casalaroza.com\/es\/normas-de-la-casa\/\" \/>\n<meta property=\"og:site_name\" content=\"Casa La Roza\" \/>\n<meta property=\"article:modified_time\" content=\"2022-01-21T12:22:53+00:00\" \/>\n<meta name=\"twitter:card\" content=\"summary_large_image\" \/>\n<meta name=\"twitter:label1\" content=\"Tiempo de lectura\" \/>\n\t<meta name=\"twitter:data1\" content=\"2 minutos\" \/>\n<script type=\"application\/ld+json\" class=\"yoast-schema-graph\">{\"@context\":\"https:\/\/schema.org\",\"@graph\":[{\"@type\":\"WebPage\",\"@id\":\"https:\/\/www.casalaroza.com\/es\/normas-de-la-casa\/\",\"url\":\"https:\/\/www.casalaroza.com\/es\/normas-de-la-casa\/\",\"name\":\"Normas de la Casa - Casa La Roza\",\"isPartOf\":{\"@id\":\"https:\/\/www.casalaroza.com\/#website\"},\"datePublished\":\"2022-01-04T19:50:35+00:00\",\"dateModified\":\"2022-01-21T12:22:53+00:00\",\"breadcrumb\":{\"@id\":\"https:\/\/www.casalaroza.com\/es\/normas-de-la-casa\/#breadcrumb\"},\"inLanguage\":\"es\",\"potentialAction\":[{\"@type\":\"ReadAction\",\"target\":[\"https:\/\/www.casalaroza.com\/es\/normas-de-la-casa\/\"]}]},{\"@type\":\"BreadcrumbList\",\"@id\":\"https:\/\/www.casalaroza.com\/es\/normas-de-la-casa\/#breadcrumb\",\"itemListElement\":[{\"@type\":\"ListItem\",\"position\":1,\"name\":\"Home\",\"item\":\"https:\/\/www.casalaroza.com\/es\/\"},{\"@type\":\"ListItem\",\"position\":2,\"name\":\"Normas de la Casa\"}]},{\"@type\":\"WebSite\",\"@id\":\"https:\/\/www.casalaroza.com\/#website\",\"url\":\"https:\/\/www.casalaroza.com\/\",\"name\":\"Casa La Roza\",\"description\":\"Holiday Home in Asturias\",\"potentialAction\":[{\"@type\":\"SearchAction\",\"target\":{\"@type\":\"EntryPoint\",\"urlTemplate\":\"https:\/\/www.casalaroza.com\/?s={search_term_string}\"},\"query-input\":{\"@type\":\"PropertyValueSpecification\",\"valueRequired\":true,\"valueName\":\"search_term_string\"}}],\"inLanguage\":\"es\"}]}<\/script>\n<!-- \/ Yoast SEO plugin. -->","yoast_head_json":{"title":"Normas de la Casa - Casa La Roza","robots":{"index":"index","follow":"follow","max-snippet":"max-snippet:-1","max-image-preview":"max-image-preview:large","max-video-preview":"max-video-preview:-1"},"canonical":"https:\/\/www.casalaroza.com\/es\/normas-de-la-casa\/","og_locale":"es_ES","og_type":"article","og_title":"Normas de la Casa - Casa La Roza","og_description":"Normas de la Casa Check in despu\u00e9s de las 16:00 \/ Check out antes de las 11:00. Se facilita un c\u00f3digo para el candado de la puerta exterior. La puerta principal est\u00e1 equipada con un teclado electr\u00f3nico y un c\u00f3digo \u00fanico para cada hu\u00e9sped. No est\u00e1 permitido fumar en el interior de la casa. Se [&hellip;]","og_url":"https:\/\/www.casalaroza.com\/es\/normas-de-la-casa\/","og_site_name":"Casa La Roza","article_modified_time":"2022-01-21T12:22:53+00:00","twitter_card":"summary_large_image","twitter_misc":{"Tiempo de lectura":"2 minutos"},"schema":{"@context":"https:\/\/schema.org","@graph":[{"@type":"WebPage","@id":"https:\/\/www.casalaroza.com\/es\/normas-de-la-casa\/","url":"https:\/\/www.casalaroza.com\/es\/normas-de-la-casa\/","name":"Normas de la Casa - Casa La Roza","isPartOf":{"@id":"https:\/\/www.casalaroza.com\/#website"},"datePublished":"2022-01-04T19:50:35+00:00","dateModified":"2022-01-21T12:22:53+00:00","breadcrumb":{"@id":"https:\/\/www.casalaroza.com\/es\/normas-de-la-casa\/#breadcrumb"},"inLanguage":"es","potentialAction":[{"@type":"ReadAction","target":["https:\/\/www.casalaroza.com\/es\/normas-de-la-casa\/"]}]},{"@type":"BreadcrumbList","@id":"https:\/\/www.casalaroza.com\/es\/normas-de-la-casa\/#breadcrumb","itemListElement":[{"@type":"ListItem","position":1,"name":"Home","item":"https:\/\/www.casalaroza.com\/es\/"},{"@type":"ListItem","position":2,"name":"Normas de la Casa"}]},{"@type":"WebSite","@id":"https:\/\/www.casalaroza.com\/#website","url":"https:\/\/www.casalaroza.com\/","name":"Casa La Roza","description":"Holiday Home in Asturias","potentialAction":[{"@type":"SearchAction","target":{"@type":"EntryPoint","urlTemplate":"https:\/\/www.casalaroza.com\/?s={search_term_string}"},"query-input":{"@type":"PropertyValueSpecification","valueRequired":true,"valueName":"search_term_string"}}],"inLanguage":"es"}]}},"_links":{"self":[{"href":"https:\/\/www.casalaroza.com\/es\/wp-json\/wp\/v2\/pages\/1467","targetHints":{"allow":["GET"]}}],"collection":[{"href":"https:\/\/www.casalaroza.com\/es\/wp-json\/wp\/v2\/pages"}],"about":[{"href":"https:\/\/www.casalaroza.com\/es\/wp-json\/wp\/v2\/types\/page"}],"author":[{"embeddable":true,"href":"https:\/\/www.casalaroza.com\/es\/wp-json\/wp\/v2\/users\/1"}],"replies":[{"embeddable":true,"href":"https:\/\/www.casalaroza.com\/es\/wp-json\/wp\/v2\/comments?post=1467"}],"version-history":[{"count":6,"href":"https:\/\/www.casalaroza.com\/es\/wp-json\/wp\/v2\/pages\/1467\/revisions"}],"predecessor-version":[{"id":1650,"href":"https:\/\/www.casalaroza.com\/es\/wp-json\/wp\/v2\/pages\/1467\/revisions\/1650"}],"wp:attachment":[{"href":"https:\/\/www.casalaroza.com\/es\/wp-json\/wp\/v2\/media?parent=1467"}],"curies":[{"name":"wp","href":"https:\/\/api.w.org\/{rel}","templated":true}]}}