{"id":1900,"date":"2022-03-02T11:45:30","date_gmt":"2022-03-02T11:45:30","guid":{"rendered":"https:\/\/www.casalaroza.com\/evalue-su-experiencia\/"},"modified":"2022-03-04T12:12:57","modified_gmt":"2022-03-04T12:12:57","slug":"revise-su-estancia","status":"publish","type":"page","link":"https:\/\/www.casalaroza.com\/es\/revise-su-estancia\/","title":{"rendered":"Revise su Estancia"},"content":{"rendered":"\t\t<div data-elementor-type=\"wp-page\" data-elementor-id=\"1900\" class=\"elementor elementor-1900 elementor-1884\" data-elementor-post-type=\"page\">\n\t\t\t\t\t\t<section class=\"elementor-section elementor-top-section elementor-element elementor-element-d372857 elementor-section-stretched elementor-section-full_width elementor-section-height-default elementor-section-height-default\" data-id=\"d372857\" data-element_type=\"section\" data-e-type=\"section\" data-settings=\"{&quot;stretch_section&quot;:&quot;section-stretched&quot;,&quot;background_background&quot;:&quot;classic&quot;}\">\n\t\t\t\t\t\t<div class=\"elementor-container elementor-column-gap-default\">\n\t\t\t\t\t<div class=\"elementor-column elementor-col-100 elementor-top-column elementor-element elementor-element-758e6de\" data-id=\"758e6de\" data-element_type=\"column\" data-e-type=\"column\">\n\t\t\t<div class=\"elementor-widget-wrap elementor-element-populated\">\n\t\t\t\t\t\t<section class=\"elementor-section elementor-inner-section elementor-element elementor-element-2844e71 elementor-section-full_width elementor-section-height-default elementor-section-height-default\" data-id=\"2844e71\" data-element_type=\"section\" data-e-type=\"section\">\n\t\t\t\t\t\t<div class=\"elementor-container elementor-column-gap-default\">\n\t\t\t\t\t<div class=\"elementor-column elementor-col-100 elementor-inner-column elementor-element elementor-element-9b84938\" data-id=\"9b84938\" data-element_type=\"column\" data-e-type=\"column\" data-settings=\"{&quot;background_background&quot;:&quot;classic&quot;}\">\n\t\t\t<div class=\"elementor-widget-wrap elementor-element-populated\">\n\t\t\t\t\t\t<div class=\"elementor-element elementor-element-7c31c19 elementor-widget elementor-widget-heading\" data-id=\"7c31c19\" data-element_type=\"widget\" data-e-type=\"widget\" data-widget_type=\"heading.default\">\n\t\t\t\t<div class=\"elementor-widget-container\">\n\t\t\t\t\t<h2 class=\"elementor-heading-title elementor-size-default\">Revise su Estancia<\/h2>\t\t\t\t<\/div>\n\t\t\t\t<\/div>\n\t\t\t\t<div class=\"elementor-element elementor-element-63cd370 elementor-widget-divider--view-line elementor-widget elementor-widget-divider\" data-id=\"63cd370\" data-element_type=\"widget\" data-e-type=\"widget\" data-widget_type=\"divider.default\">\n\t\t\t\t<div class=\"elementor-widget-container\">\n\t\t\t\t\t\t\t<div class=\"elementor-divider\">\n\t\t\t<span class=\"elementor-divider-separator\">\n\t\t\t\t\t\t<\/span>\n\t\t<\/div>\n\t\t\t\t\t\t<\/div>\n\t\t\t\t<\/div>\n\t\t\t\t\t<\/div>\n\t\t<\/div>\n\t\t\t\t\t<\/div>\n\t\t<\/section>\n\t\t\t\t<section class=\"elementor-section elementor-inner-section elementor-element elementor-element-f171597 elementor-section-full_width elementor-section-height-default elementor-section-height-default\" data-id=\"f171597\" data-element_type=\"section\" data-e-type=\"section\">\n\t\t\t\t\t\t<div class=\"elementor-container elementor-column-gap-default\">\n\t\t\t\t\t<div class=\"elementor-column elementor-col-33 elementor-inner-column elementor-element elementor-element-c84fc31\" data-id=\"c84fc31\" data-element_type=\"column\" data-e-type=\"column\">\n\t\t\t<div class=\"elementor-widget-wrap\">\n\t\t\t\t\t\t\t<\/div>\n\t\t<\/div>\n\t\t\t\t<div class=\"elementor-column elementor-col-33 elementor-inner-column elementor-element elementor-element-60e868b\" data-id=\"60e868b\" data-element_type=\"column\" data-e-type=\"column\" data-settings=\"{&quot;background_background&quot;:&quot;classic&quot;}\">\n\t\t\t<div class=\"elementor-widget-wrap elementor-element-populated\">\n\t\t\t\t\t\t<div class=\"elementor-element elementor-element-b3f1b3f elementor-button-align-center elementor-mobile-button-align-center elementor-widget elementor-widget-form\" data-id=\"b3f1b3f\" data-element_type=\"widget\" data-e-type=\"widget\" data-settings=\"{&quot;step_next_label&quot;:&quot;Next&quot;,&quot;step_previous_label&quot;:&quot;Previous&quot;,&quot;button_width&quot;:&quot;100&quot;,&quot;step_type&quot;:&quot;number_text&quot;,&quot;step_icon_shape&quot;:&quot;circle&quot;}\" data-widget_type=\"form.default\">\n\t\t\t\t<div class=\"elementor-widget-container\">\n\t\t\t\t\t\t\t<form class=\"elementor-form\" method=\"post\" name=\"New Form\" aria-label=\"New Form\">\n\t\t\t<input type=\"hidden\" name=\"post_id\" value=\"1900\"\/>\n\t\t\t<input type=\"hidden\" name=\"form_id\" value=\"b3f1b3f\"\/>\n\t\t\t<input type=\"hidden\" name=\"referer_title\" value=\"Casa La Roza\" \/>\n\n\t\t\t\n\t\t\t<div class=\"elementor-form-fields-wrapper elementor-labels-above\">\n\t\t\t\t\t\t\t\t<div class=\"elementor-field-type-text elementor-field-group elementor-column elementor-field-group-field_4b94dd0 elementor-col-100\">\n\t\t\t\t\t\t\t\t\t\t\t\t<label for=\"form-field-field_4b94dd0\" class=\"elementor-field-label\">\n\t\t\t\t\t\t\t\tNombre\t\t\t\t\t\t\t<\/label>\n\t\t\t\t\t\t\t\t\t\t\t\t\t\t<input size=\"1\" type=\"text\" name=\"form_fields[field_4b94dd0]\" id=\"form-field-field_4b94dd0\" class=\"elementor-field elementor-size-sm  elementor-field-textual\">\n\t\t\t\t\t\t\t\t\t\t\t<\/div>\n\t\t\t\t\t\t\t\t<div class=\"elementor-field-type-date elementor-field-group elementor-column elementor-field-group-field_d72a7eb elementor-col-50\">\n\t\t\t\t\t\t\t\t\t\t\t\t<label for=\"form-field-field_d72a7eb\" class=\"elementor-field-label\">\n\t\t\t\t\t\t\t\tFecha de llegada\t\t\t\t\t\t\t<\/label>\n\t\t\t\t\t\t\n\t\t<input type=\"date\" name=\"form_fields[field_d72a7eb]\" id=\"form-field-field_d72a7eb\" class=\"elementor-field elementor-size-sm  elementor-field-textual elementor-date-field\" pattern=\"[0-9]{4}-[0-9]{2}-[0-9]{2}\">\n\t\t\t\t\t\t<\/div>\n\t\t\t\t\t\t\t\t<div class=\"elementor-field-type-date elementor-field-group elementor-column elementor-field-group-field_31c8d95 elementor-col-50\">\n\t\t\t\t\t\t\t\t\t\t\t\t<label for=\"form-field-field_31c8d95\" class=\"elementor-field-label\">\n\t\t\t\t\t\t\t\tFecha de salida\t\t\t\t\t\t\t<\/label>\n\t\t\t\t\t\t\n\t\t<input type=\"date\" name=\"form_fields[field_31c8d95]\" id=\"form-field-field_31c8d95\" class=\"elementor-field elementor-size-sm  elementor-field-textual elementor-date-field\" pattern=\"[0-9]{4}-[0-9]{2}-[0-9]{2}\">\n\t\t\t\t\t\t<\/div>\n\t\t\t\t\t\t\t\t<div class=\"elementor-field-type-textarea elementor-field-group elementor-column elementor-field-group-name elementor-col-100 elementor-field-required\">\n\t\t\t\t\t\t\t\t\t\t\t\t<label for=\"form-field-name\" class=\"elementor-field-label\">\n\t\t\t\t\t\t\t\t1. \u00bfC\u00f3mo nos encontr\u00f3?\t\t\t\t\t\t\t<\/label>\n\t\t\t\t\t\t<textarea class=\"elementor-field-textual elementor-field  elementor-size-sm\" name=\"form_fields[name]\" id=\"form-field-name\" rows=\"4\" required=\"required\"><\/textarea>\t\t\t\t<\/div>\n\t\t\t\t\t\t\t\t<div class=\"elementor-field-type-html elementor-field-group elementor-column elementor-field-group-field_7ba4289 elementor-col-100\">\n\t\t\t\t\t2. Por favor, califique la casa en: \t\t\t\t<\/div>\n\t\t\t\t\t\t\t\t<div class=\"elementor-field-type-radio elementor-field-group elementor-column elementor-field-group-field_029a349 elementor-col-100 elementor-field-required\">\n\t\t\t\t\t\t\t\t\t\t\t\t<label for=\"form-field-field_029a349\" class=\"elementor-field-label\">\n\t\t\t\t\t\t\t\ta. Limpieza:\t\t\t\t\t\t\t<\/label>\n\t\t\t\t\t\t<div class=\"elementor-field-subgroup  elementor-subgroup-inline\"><span class=\"elementor-field-option\"><input type=\"radio\" value=\"1\/5\" id=\"form-field-field_029a349-0\" name=\"form_fields[field_029a349]\" required=\"required\"> <label for=\"form-field-field_029a349-0\">1\/5<\/label><\/span><span class=\"elementor-field-option\"><input type=\"radio\" value=\"2\/5\" id=\"form-field-field_029a349-1\" name=\"form_fields[field_029a349]\" required=\"required\"> <label for=\"form-field-field_029a349-1\">2\/5<\/label><\/span><span class=\"elementor-field-option\"><input type=\"radio\" value=\"3\/5\" id=\"form-field-field_029a349-2\" name=\"form_fields[field_029a349]\" required=\"required\"> <label for=\"form-field-field_029a349-2\">3\/5<\/label><\/span><span class=\"elementor-field-option\"><input type=\"radio\" value=\"4\/5\" id=\"form-field-field_029a349-3\" name=\"form_fields[field_029a349]\" required=\"required\"> <label for=\"form-field-field_029a349-3\">4\/5<\/label><\/span><span class=\"elementor-field-option\"><input type=\"radio\" value=\"5\/5\" id=\"form-field-field_029a349-4\" name=\"form_fields[field_029a349]\" required=\"required\"> <label for=\"form-field-field_029a349-4\">5\/5<\/label><\/span><\/div>\t\t\t\t<\/div>\n\t\t\t\t\t\t\t\t<div class=\"elementor-field-type-radio elementor-field-group elementor-column elementor-field-group-field_1c78e6f elementor-col-100 elementor-field-required\">\n\t\t\t\t\t\t\t\t\t\t\t\t<label for=\"form-field-field_1c78e6f\" class=\"elementor-field-label\">\n\t\t\t\t\t\t\t\tb. Instalaciones:\t\t\t\t\t\t\t<\/label>\n\t\t\t\t\t\t<div class=\"elementor-field-subgroup  elementor-subgroup-inline\"><span class=\"elementor-field-option\"><input type=\"radio\" value=\"1\/5\" id=\"form-field-field_1c78e6f-0\" name=\"form_fields[field_1c78e6f]\" required=\"required\"> <label for=\"form-field-field_1c78e6f-0\">1\/5<\/label><\/span><span class=\"elementor-field-option\"><input type=\"radio\" value=\"2\/5\" id=\"form-field-field_1c78e6f-1\" name=\"form_fields[field_1c78e6f]\" required=\"required\"> <label for=\"form-field-field_1c78e6f-1\">2\/5<\/label><\/span><span class=\"elementor-field-option\"><input type=\"radio\" value=\"3\/5\" id=\"form-field-field_1c78e6f-2\" name=\"form_fields[field_1c78e6f]\" required=\"required\"> <label for=\"form-field-field_1c78e6f-2\">3\/5<\/label><\/span><span class=\"elementor-field-option\"><input type=\"radio\" value=\"4\/5\" id=\"form-field-field_1c78e6f-3\" name=\"form_fields[field_1c78e6f]\" required=\"required\"> <label for=\"form-field-field_1c78e6f-3\">4\/5<\/label><\/span><span class=\"elementor-field-option\"><input type=\"radio\" value=\"5\/5\" id=\"form-field-field_1c78e6f-4\" name=\"form_fields[field_1c78e6f]\" required=\"required\"> <label for=\"form-field-field_1c78e6f-4\">5\/5<\/label><\/span><\/div>\t\t\t\t<\/div>\n\t\t\t\t\t\t\t\t<div class=\"elementor-field-type-radio elementor-field-group elementor-column elementor-field-group-field_286f932 elementor-col-100 elementor-field-required\">\n\t\t\t\t\t\t\t\t\t\t\t\t<label for=\"form-field-field_286f932\" class=\"elementor-field-label\">\n\t\t\t\t\t\t\t\tc. Comunicaci\u00f3n del Anfitri\u00f3n:\t\t\t\t\t\t\t<\/label>\n\t\t\t\t\t\t<div class=\"elementor-field-subgroup  elementor-subgroup-inline\"><span class=\"elementor-field-option\"><input type=\"radio\" value=\"1\/5\" id=\"form-field-field_286f932-0\" name=\"form_fields[field_286f932]\" required=\"required\"> <label for=\"form-field-field_286f932-0\">1\/5<\/label><\/span><span class=\"elementor-field-option\"><input type=\"radio\" value=\"2\/5\" id=\"form-field-field_286f932-1\" name=\"form_fields[field_286f932]\" required=\"required\"> <label for=\"form-field-field_286f932-1\">2\/5<\/label><\/span><span class=\"elementor-field-option\"><input type=\"radio\" value=\"3\/5\" id=\"form-field-field_286f932-2\" name=\"form_fields[field_286f932]\" required=\"required\"> <label for=\"form-field-field_286f932-2\">3\/5<\/label><\/span><span class=\"elementor-field-option\"><input type=\"radio\" value=\"4\/5\" id=\"form-field-field_286f932-3\" name=\"form_fields[field_286f932]\" required=\"required\"> <label for=\"form-field-field_286f932-3\">4\/5<\/label><\/span><span class=\"elementor-field-option\"><input type=\"radio\" value=\"5\/5\" id=\"form-field-field_286f932-4\" name=\"form_fields[field_286f932]\" required=\"required\"> <label for=\"form-field-field_286f932-4\">5\/5<\/label><\/span><\/div>\t\t\t\t<\/div>\n\t\t\t\t\t\t\t\t<div class=\"elementor-field-type-textarea elementor-field-group elementor-column elementor-field-group-field_d10c438 elementor-col-100 elementor-field-required\">\n\t\t\t\t\t\t\t\t\t\t\t\t<label for=\"form-field-field_d10c438\" class=\"elementor-field-label\">\n\t\t\t\t\t\t\t\t3. \u00bfAlg\u00fan comentario privado sobre su estad\u00eda y c\u00f3mo podemos mejorar la experiencia con nuestros hu\u00e9spedes?\t\t\t\t\t\t\t<\/label>\n\t\t\t\t\t\t<textarea class=\"elementor-field-textual elementor-field  elementor-size-sm\" name=\"form_fields[field_d10c438]\" id=\"form-field-field_d10c438\" rows=\"4\" required=\"required\"><\/textarea>\t\t\t\t<\/div>\n\t\t\t\t\t\t\t\t<div class=\"elementor-field-type-textarea elementor-field-group elementor-column elementor-field-group-field_2e2ec05 elementor-col-100 elementor-field-required\">\n\t\t\t\t\t\t\t\t\t\t\t\t<label for=\"form-field-field_2e2ec05\" class=\"elementor-field-label\">\n\t\t\t\t\t\t\t\t4. Si desea dejar una rese\u00f1a para que la compartamos en nuestro sitio web, h\u00e1galo aqu\u00ed:\t\t\t\t\t\t\t<\/label>\n\t\t\t\t\t\t<textarea class=\"elementor-field-textual elementor-field  elementor-size-sm\" name=\"form_fields[field_2e2ec05]\" id=\"form-field-field_2e2ec05\" rows=\"4\" required=\"required\"><\/textarea>\t\t\t\t<\/div>\n\t\t\t\t\t\t\t\t<div class=\"elementor-field-type-recaptcha_v3 elementor-field-group elementor-column elementor-field-group-field_2742104 elementor-col-100 recaptcha_v3-inline\">\n\t\t\t\t\t<div class=\"elementor-field\" id=\"form-field-field_2742104\"><div class=\"elementor-g-recaptcha\" data-sitekey=\"6LdmM9AdAAAAAGTcV4y0dM6n7ompvRa6kprU5PH8\" data-type=\"v3\" data-action=\"Form\" data-badge=\"inline\" data-size=\"invisible\"><\/div><\/div>\t\t\t\t<\/div>\n\t\t\t\t\t\t\t\t<div class=\"elementor-field-group elementor-column elementor-field-type-submit elementor-col-100 e-form__buttons\">\n\t\t\t\t\t<button class=\"elementor-button elementor-size-sm\" type=\"submit\">\n\t\t\t\t\t\t<span class=\"elementor-button-content-wrapper\">\n\t\t\t\t\t\t\t\t\t\t\t\t\t\t\t\t\t\t\t\t\t\t<span class=\"elementor-button-text\">Enviar Comentarios<\/span>\n\t\t\t\t\t\t\t\t\t\t\t\t\t<\/span>\n\t\t\t\t\t<\/button>\n\t\t\t\t<\/div>\n\t\t\t<\/div>\n\t\t<\/form>\n\t\t\t\t\t\t<\/div>\n\t\t\t\t<\/div>\n\t\t\t\t\t<\/div>\n\t\t<\/div>\n\t\t\t\t<div class=\"elementor-column elementor-col-33 elementor-inner-column elementor-element elementor-element-578a901\" data-id=\"578a901\" data-element_type=\"column\" data-e-type=\"column\">\n\t\t\t<div class=\"elementor-widget-wrap\">\n\t\t\t\t\t\t\t<\/div>\n\t\t<\/div>\n\t\t\t\t\t<\/div>\n\t\t<\/section>\n\t\t\t\t\t<\/div>\n\t\t<\/div>\n\t\t\t\t\t<\/div>\n\t\t<\/section>\n\t\t\t\t<\/div>\n\t\t","protected":false},"excerpt":{"rendered":"<p>Revise su Estancia<\/p>\n","protected":false},"author":1,"featured_media":0,"parent":0,"menu_order":0,"comment_status":"closed","ping_status":"closed","template":"elementor_header_footer","meta":{"footnotes":""},"class_list":["post-1900","page","type-page","status-publish","hentry"],"yoast_head":"<!-- This site is optimized with the Yoast SEO plugin v26.9 - https:\/\/yoast.com\/product\/yoast-seo-wordpress\/ -->\n<title>Revise su Estancia - Casa La Roza<\/title>\n<meta name=\"description\" content=\"Utilice este formulario para evaluar su experiencia en Casa La Roza. Su opini\u00f3n es muy importante para nosotros para mejorar nuestro servicio.\" \/>\n<meta name=\"robots\" content=\"index, follow, max-snippet:-1, max-image-preview:large, max-video-preview:-1\" \/>\n<link rel=\"canonical\" href=\"https:\/\/www.casalaroza.com\/es\/revise-su-estancia\/\" \/>\n<meta property=\"og:locale\" content=\"es_ES\" \/>\n<meta property=\"og:type\" content=\"article\" \/>\n<meta property=\"og:title\" content=\"Revise su Estancia - Casa La Roza\" \/>\n<meta property=\"og:description\" content=\"Utilice este formulario para evaluar su experiencia en Casa La Roza. Su opini\u00f3n es muy importante para nosotros para mejorar nuestro servicio.\" \/>\n<meta property=\"og:url\" content=\"https:\/\/www.casalaroza.com\/es\/revise-su-estancia\/\" \/>\n<meta property=\"og:site_name\" content=\"Casa La Roza\" \/>\n<meta property=\"article:modified_time\" content=\"2022-03-04T12:12:57+00:00\" \/>\n<meta name=\"twitter:card\" content=\"summary_large_image\" \/>\n<meta name=\"twitter:label1\" content=\"Tiempo de lectura\" \/>\n\t<meta name=\"twitter:data1\" content=\"1 minuto\" \/>\n<script type=\"application\/ld+json\" class=\"yoast-schema-graph\">{\"@context\":\"https:\/\/schema.org\",\"@graph\":[{\"@type\":\"WebPage\",\"@id\":\"https:\/\/www.casalaroza.com\/es\/revise-su-estancia\/\",\"url\":\"https:\/\/www.casalaroza.com\/es\/revise-su-estancia\/\",\"name\":\"Revise su Estancia - Casa La Roza\",\"isPartOf\":{\"@id\":\"https:\/\/www.casalaroza.com\/#website\"},\"datePublished\":\"2022-03-02T11:45:30+00:00\",\"dateModified\":\"2022-03-04T12:12:57+00:00\",\"description\":\"Utilice este formulario para evaluar su experiencia en Casa La Roza. Su opini\u00f3n es muy importante para nosotros para mejorar nuestro servicio.\",\"breadcrumb\":{\"@id\":\"https:\/\/www.casalaroza.com\/es\/revise-su-estancia\/#breadcrumb\"},\"inLanguage\":\"es\",\"potentialAction\":[{\"@type\":\"ReadAction\",\"target\":[\"https:\/\/www.casalaroza.com\/es\/revise-su-estancia\/\"]}]},{\"@type\":\"BreadcrumbList\",\"@id\":\"https:\/\/www.casalaroza.com\/es\/revise-su-estancia\/#breadcrumb\",\"itemListElement\":[{\"@type\":\"ListItem\",\"position\":1,\"name\":\"Home\",\"item\":\"https:\/\/www.casalaroza.com\/es\/\"},{\"@type\":\"ListItem\",\"position\":2,\"name\":\"Revise su Estancia\"}]},{\"@type\":\"WebSite\",\"@id\":\"https:\/\/www.casalaroza.com\/#website\",\"url\":\"https:\/\/www.casalaroza.com\/\",\"name\":\"Casa La Roza\",\"description\":\"Holiday Home in Asturias\",\"potentialAction\":[{\"@type\":\"SearchAction\",\"target\":{\"@type\":\"EntryPoint\",\"urlTemplate\":\"https:\/\/www.casalaroza.com\/?s={search_term_string}\"},\"query-input\":{\"@type\":\"PropertyValueSpecification\",\"valueRequired\":true,\"valueName\":\"search_term_string\"}}],\"inLanguage\":\"es\"}]}<\/script>\n<!-- \/ Yoast SEO plugin. -->","yoast_head_json":{"title":"Revise su Estancia - Casa La Roza","description":"Utilice este formulario para evaluar su experiencia en Casa La Roza. Su opini\u00f3n es muy importante para nosotros para mejorar nuestro servicio.","robots":{"index":"index","follow":"follow","max-snippet":"max-snippet:-1","max-image-preview":"max-image-preview:large","max-video-preview":"max-video-preview:-1"},"canonical":"https:\/\/www.casalaroza.com\/es\/revise-su-estancia\/","og_locale":"es_ES","og_type":"article","og_title":"Revise su Estancia - Casa La Roza","og_description":"Utilice este formulario para evaluar su experiencia en Casa La Roza. Su opini\u00f3n es muy importante para nosotros para mejorar nuestro servicio.","og_url":"https:\/\/www.casalaroza.com\/es\/revise-su-estancia\/","og_site_name":"Casa La Roza","article_modified_time":"2022-03-04T12:12:57+00:00","twitter_card":"summary_large_image","twitter_misc":{"Tiempo de lectura":"1 minuto"},"schema":{"@context":"https:\/\/schema.org","@graph":[{"@type":"WebPage","@id":"https:\/\/www.casalaroza.com\/es\/revise-su-estancia\/","url":"https:\/\/www.casalaroza.com\/es\/revise-su-estancia\/","name":"Revise su Estancia - Casa La Roza","isPartOf":{"@id":"https:\/\/www.casalaroza.com\/#website"},"datePublished":"2022-03-02T11:45:30+00:00","dateModified":"2022-03-04T12:12:57+00:00","description":"Utilice este formulario para evaluar su experiencia en Casa La Roza. Su opini\u00f3n es muy importante para nosotros para mejorar nuestro servicio.","breadcrumb":{"@id":"https:\/\/www.casalaroza.com\/es\/revise-su-estancia\/#breadcrumb"},"inLanguage":"es","potentialAction":[{"@type":"ReadAction","target":["https:\/\/www.casalaroza.com\/es\/revise-su-estancia\/"]}]},{"@type":"BreadcrumbList","@id":"https:\/\/www.casalaroza.com\/es\/revise-su-estancia\/#breadcrumb","itemListElement":[{"@type":"ListItem","position":1,"name":"Home","item":"https:\/\/www.casalaroza.com\/es\/"},{"@type":"ListItem","position":2,"name":"Revise su Estancia"}]},{"@type":"WebSite","@id":"https:\/\/www.casalaroza.com\/#website","url":"https:\/\/www.casalaroza.com\/","name":"Casa La Roza","description":"Holiday Home in Asturias","potentialAction":[{"@type":"SearchAction","target":{"@type":"EntryPoint","urlTemplate":"https:\/\/www.casalaroza.com\/?s={search_term_string}"},"query-input":{"@type":"PropertyValueSpecification","valueRequired":true,"valueName":"search_term_string"}}],"inLanguage":"es"}]}},"_links":{"self":[{"href":"https:\/\/www.casalaroza.com\/es\/wp-json\/wp\/v2\/pages\/1900","targetHints":{"allow":["GET"]}}],"collection":[{"href":"https:\/\/www.casalaroza.com\/es\/wp-json\/wp\/v2\/pages"}],"about":[{"href":"https:\/\/www.casalaroza.com\/es\/wp-json\/wp\/v2\/types\/page"}],"author":[{"embeddable":true,"href":"https:\/\/www.casalaroza.com\/es\/wp-json\/wp\/v2\/users\/1"}],"replies":[{"embeddable":true,"href":"https:\/\/www.casalaroza.com\/es\/wp-json\/wp\/v2\/comments?post=1900"}],"version-history":[{"count":14,"href":"https:\/\/www.casalaroza.com\/es\/wp-json\/wp\/v2\/pages\/1900\/revisions"}],"predecessor-version":[{"id":1931,"href":"https:\/\/www.casalaroza.com\/es\/wp-json\/wp\/v2\/pages\/1900\/revisions\/1931"}],"wp:attachment":[{"href":"https:\/\/www.casalaroza.com\/es\/wp-json\/wp\/v2\/media?parent=1900"}],"curies":[{"name":"wp","href":"https:\/\/api.w.org\/{rel}","templated":true}]}}